{"id":6,"date":"2026-01-27T12:14:48","date_gmt":"2026-01-27T12:14:48","guid":{"rendered":"https:\/\/www.dachdecker-ikkert.de\/?page_id=6"},"modified":"2026-04-27T11:28:47","modified_gmt":"2026-04-27T11:28:47","slug":"startseite","status":"publish","type":"page","link":"https:\/\/www.dachdecker-ikkert.de\/","title":{"rendered":"Herzlich Willkommen"},"content":{"rendered":"\n<p class=\"has-large-font-size\"><strong>beim Ihrem Dachdeckerbetrieb J\u00f6rg Ikkert<\/strong><\/p>\n\n\n\n<p class=\"has-text-align-left has-large-font-size\"><strong>Ihr Dachdecker und Dachfensterspezialist<\/strong><\/p>\n\n\n\n<div class=\"wp-block-media-text is-stacked-on-mobile is-image-fill-element\"><figure class=\"wp-block-media-text__media\"><img fetchpriority=\"high\" decoding=\"async\" width=\"450\" height=\"440\" src=\"https:\/\/www.dachdecker-ikkert.de\/wp-content\/uploads\/2026\/01\/custom_113_1287836669.1105_134_118_267_267.jpg\" alt=\"\" class=\"wp-image-7 size-full\" style=\"object-position:50% 50%\" srcset=\"https:\/\/www.dachdecker-ikkert.de\/wp-content\/uploads\/2026\/01\/custom_113_1287836669.1105_134_118_267_267.jpg 450w, https:\/\/www.dachdecker-ikkert.de\/wp-content\/uploads\/2026\/01\/custom_113_1287836669.1105_134_118_267_267-300x293.jpg 300w\" sizes=\"(max-width: 450px) 100vw, 450px\" \/><\/figure><div class=\"wp-block-media-text__content\">\n<p>Herzlich willkommen bei Ihrem\u00a0Dachdeckerbetrieb &amp; VELUX-Dachfenster-Spezialisten J\u00f6rg Ikkert in D\u00fcsseldorf. Fachgerechte Leistungen rund um das Produkt Dach sind seit 1998 unsere Devise. Wir sind dabei ein Spezialist f\u00fcr Dachfl\u00e4chenfenster &#8211; unter anderem als\u00a0<a href=\"http:\/\/www.velux.de\/\" target=\"_blank\" rel=\"noreferrer noopener\">Velux-geschulter Betrieb<\/a>\u00a0sowie als\u00a0<a href=\"http:\/\/de.dst.roto-frank.com\/de\/produkte\/dachfenster\/produktfinder-dachfenster.html\" target=\"_blank\" rel=\"noreferrer noopener\">Roto Profiplaner<\/a>. Unser Arbeitsbereich geht jedoch weit dar\u00fcber hinaus.<\/p>\n\n\n\n<p><\/p>\n<\/div><\/div>\n\n\n\n<p>Als leistungsf\u00e4higes Handwerksunternehmen ist es unser Anspruch, f\u00fcr Sie perfekt zu bauen. Deshalb haben wir beim Dach ebenso wie bei allen Arten von Dachfenstern gestalterische Anspr\u00fcche ebenso im Blick wie die technischen Anforderungen und M\u00f6glichkeiten. Die wirtschaftliche Machbarkeit ist daneben ein wichtiges Entscheidungskriterium.<\/p>\n\n\n\n<p>Nutzen auch Sie unsere langj\u00e4hrige Erfahrung bei der Verwirklichung Ihres Traums vom neuen Wohnambiente. Wir freuen uns darauf, Sie kennenzulernen und f\u00fcr Sie zu arbeiten.<\/p>\n\n\n\n<p><\/p>\n","protected":false},"excerpt":{"rendered":"<p>beim Ihrem Dachdeckerbetrieb J\u00f6rg Ikkert Ihr Dachdecker und Dachfensterspezialist Herzlich willkommen bei Ihrem\u00a0Dachdeckerbetrieb &amp; VELUX-Dachfenster-Spezialisten J\u00f6rg Ikkert in D\u00fcsseldorf. Fachgerechte Leistungen rund um das Produkt Dach sind seit 1998 unsere Devise. Wir sind dabei ein Spezialist f\u00fcr Dachfl\u00e4chenfenster &#8211; unter anderem als\u00a0Velux-geschulter Betrieb\u00a0sowie als\u00a0Roto Profiplaner. Unser Arbeitsbereich geht jedoch weit dar\u00fcber hinaus. Als leistungsf\u00e4higes Handwerksunternehmen [&hellip;]<\/p>\n","protected":false},"author":1,"featured_media":0,"parent":0,"menu_order":0,"comment_status":"closed","ping_status":"closed","template":"","meta":{"footnotes":""},"class_list":["post-6","page","type-page","status-publish","hentry"],"_links":{"self":[{"href":"https:\/\/www.dachdecker-ikkert.de\/index.php\/wp-json\/wp\/v2\/pages\/6","targetHints":{"allow":["GET"]}}],"collection":[{"href":"https:\/\/www.dachdecker-ikkert.de\/index.php\/wp-json\/wp\/v2\/pages"}],"about":[{"href":"https:\/\/www.dachdecker-ikkert.de\/index.php\/wp-json\/wp\/v2\/types\/page"}],"author":[{"embeddable":true,"href":"https:\/\/www.dachdecker-ikkert.de\/index.php\/wp-json\/wp\/v2\/users\/1"}],"replies":[{"embeddable":true,"href":"https:\/\/www.dachdecker-ikkert.de\/index.php\/wp-json\/wp\/v2\/comments?post=6"}],"version-history":[{"count":8,"href":"https:\/\/www.dachdecker-ikkert.de\/index.php\/wp-json\/wp\/v2\/pages\/6\/revisions"}],"predecessor-version":[{"id":142,"href":"https:\/\/www.dachdecker-ikkert.de\/index.php\/wp-json\/wp\/v2\/pages\/6\/revisions\/142"}],"wp:attachment":[{"href":"https:\/\/www.dachdecker-ikkert.de\/index.php\/wp-json\/wp\/v2\/media?parent=6"}],"curies":[{"name":"wp","href":"https:\/\/api.w.org\/{rel}","templated":true}]}}